{"id":1933,"date":"2025-11-18T18:39:18","date_gmt":"2025-11-18T17:39:18","guid":{"rendered":"https:\/\/danvalcleaningservices.com\/trabaja-con-nosotros\/"},"modified":"2026-03-02T07:25:15","modified_gmt":"2026-03-02T06:25:15","slug":"arbeiten-sie-mit-uns","status":"publish","type":"page","link":"https:\/\/danvalcleaningservices.com\/de\/arbeiten-sie-mit-uns\/","title":{"rendered":"Arbeiten Sie mit uns"},"content":{"rendered":"\n<div class=\"wp-block-stackable-columns alignfull stk-block-columns stk-block stk-77b3cbe\" data-block-id=\"77b3cbe\"><style>.stk-77b3cbe .stk--block-align-77b3cbe{align-items:flex-start !important;}.stk-77b3cbe {padding-top:40px !important;padding-right:12px !important;padding-left:12px !important;margin-bottom:-12px !important;z-index:2 !important;}.stk-77b3cbe-column{--stk-column-gap:var(--stk--preset--spacing--50, 1.5rem) !important;}@media screen and (max-width:689px){.stk-77b3cbe {padding-top:var(--stk--preset--spacing--60, 2.25rem) !important;}}<\/style><div class=\"stk-row stk-inner-blocks stk--block-align-77b3cbe stk-block-content stk-content-align stk-77b3cbe-column\">\n<div class=\"wp-block-stackable-column stk-block-column stk-column stk-block stk-bfa192d\" data-v=\"4\" data-block-id=\"bfa192d\"><style>.stk-bfa192d {align-self:flex-start !important;align-items:center !important;display:flex !important;}@media screen and (min-width:690px){.stk-bfa192d {flex:var(--stk-flex-grow, 1) 1 calc(60% - var(--stk-column-gap, 0px) * 1 \/ 2 ) !important;}}<\/style><div class=\"stk-column-wrapper stk-block-column__content stk-container stk-bfa192d-container stk--no-background stk--no-padding\"><div class=\"stk-block-content stk-inner-blocks stk-bfa192d-inner-blocks\">\n<div class=\"wp-block-stackable-heading stk-block-heading stk-block-heading--v2 stk-block stk-b0f2a4c\" id=\"trabaja-con-nosotros\" data-block-id=\"b0f2a4c\"><style>.stk-b0f2a4c {margin-bottom:0px !important;}.stk-b0f2a4c .stk-block-heading__text{font-size:28px !important;color:var(--theme-palette-color-2, #0e3d6a) !important;}@media screen and (max-width:999px){.stk-b0f2a4c .stk-block-heading__text{font-size:28px !important;}}<\/style><h1 class=\"stk-block-heading__text has-text-color\">Arbeiten Sie mit uns<\/h1><\/div>\n\n\n\n<div class=\"wp-block-group divisor-dcs-o is-layout-constrained wp-block-group-is-layout-constrained\"><\/div>\n\n\n\n<div class=\"wp-block-stackable-text stk-block-text stk-block stk-292f881\" data-block-id=\"292f881\"><style>.stk-292f881 {margin-bottom:60px !important;}@media screen and (max-width:689px){.stk-292f881 {margin-bottom:36px !important;}}<\/style><p class=\"stk-block-text__text has-text-align-center-tablet has-text-align-left-mobile\">Werden Sie Teil eines wachsenden Unternehmens, in dem Ihr Engagement und Ihre Professionalit\u00e4t z\u00e4hlen.<br>Wir von <strong>Danval Cleaning Services<\/strong> sind immer auf der Suche nach Talenten, um unser Team zu verst\u00e4rken.<\/p><\/div>\n<\/div><\/div><\/div>\n\n\n\n<div class=\"wp-block-stackable-column stk-block-column stk-column stk--hide-mobile stk-block stk-dc3ab9a\" data-v=\"4\" data-block-id=\"dc3ab9a\"><style>.stk-dc3ab9a {align-self:flex-start !important;}@media screen and (min-width:690px){.stk-dc3ab9a {flex:var(--stk-flex-grow, 1) 1 calc(40% - var(--stk-column-gap, 0px) * 1 \/ 2 ) !important;}}@media screen and (max-width:689px){.stk-dc3ab9a {margin-top:var(--stk--preset--spacing--60, 2.25rem) !important;}}<\/style><div class=\"stk-column-wrapper stk-block-column__content stk-container stk-dc3ab9a-container stk--no-background stk--no-padding\"><div class=\"stk-block-content stk-inner-blocks stk-dc3ab9a-inner-blocks\">\n<div class=\"wp-block-stackable-columns stk-block-columns stk-block stk-97e546f\" data-block-id=\"97e546f\"><style>.stk-97e546f {border-style:solid !important;border-color:var(--theme-palette-color-1, #00AEEF) !important;border-top-width:27px !important;border-right-width:27px !important;border-bottom-width:27px !important;border-left-width:27px !important;}<\/style><div class=\"stk-row stk-inner-blocks stk-block-content stk-content-align stk-97e546f-column\">\n<div class=\"wp-block-stackable-column stk-block-column stk-column stk-block stk-3decd1e\" data-v=\"4\" data-block-id=\"3decd1e\"><div class=\"stk-column-wrapper stk-block-column__content stk-container stk-3decd1e-container stk--no-background stk--no-padding\"><div class=\"stk-block-content stk-inner-blocks stk-3decd1e-inner-blocks\">\n<div class=\"wp-block-stackable-image stk-block-image stk-block stk-a9f2853\" data-block-id=\"a9f2853\"><style>.stk-a9f2853 {margin-top:-12px !important;margin-right:-12px !important;bottom:44px !important;left:44px !important;}.stk-a9f2853 .stk-img-wrapper{aspect-ratio:3\/2 !important;height:auto !important;}.stk-a9f2853 .stk-img-wrapper img{object-position:50% 71% !important;}@media screen and (max-width:999px){.stk-a9f2853 .stk-img-wrapper{height:auto !important;}}@media screen and (max-width:689px){.stk-a9f2853 {margin-right:var(--stk--preset--spacing--30, 0.67rem) !important;}.stk-a9f2853 .stk-img-wrapper{height:auto !important;}}<\/style><figure><span class=\"stk-img-wrapper stk-image--shape-stretch\"><img loading=\"lazy\" decoding=\"async\" class=\"stk-img wp-image-2682\" src=\"https:\/\/danvalcleaningservices.com\/wp-content\/uploads\/Limpieza-domestica-cocina-palma.webp\" width=\"1600\" height=\"1200\" alt=\"B\u00fcroreinigung\"\/><\/span><\/figure><\/div>\n<\/div><\/div><\/div>\n<\/div><\/div>\n<\/div><\/div><\/div>\n<\/div><\/div>\n\n\n\n<div class=\"wp-block-stackable-columns alignfull stk-block-columns stk-has-top-separator stk-block stk-76c6d11 stk-block-background\" data-block-id=\"76c6d11\"><style>.stk-76c6d11 {background-color:var(--theme-palette-color-2, #0e3d6a) !important;margin-top:-44px !important;}.stk-76c6d11:before{background-color:var(--theme-palette-color-2, #0e3d6a) !important;}.stk-76c6d11 > .stk-separator__top svg{fill:var(--theme-palette-color-8, #ffffff) !important;}.stk-76c6d11 > .stk-separator__top .stk-separator__wrapper{transform:scaleX(2.1) !important;}<\/style><div class=\"stk-separator stk-separator__top\"><div class=\"stk-separator__wrapper\"><svg xmlns=\"http:\/\/www.w3.org\/2000\/svg\" viewBox=\"0 0 1600 200\" class=\"stk-separator__layer-1\" preserveAspectRatio=\"none\" aria-hidden=\"true\"><path d=\"M1610 210H-10V.5l1620 183.4z\"><\/path><\/svg><\/div><\/div><div class=\"stk-row stk-inner-blocks stk-block-content stk-content-align stk-76c6d11-column\">\n<div class=\"wp-block-stackable-column stk-block-column stk-column stk-block stk-f0bcd4b\" data-v=\"4\" data-block-id=\"f0bcd4b\"><style>.stk-f0bcd4b {margin-bottom:var(--stk--preset--spacing--70, 3.38rem) !important;}.stk-f0bcd4b-container{max-width:900px !important;min-width:auto !important;padding-top:var(--stk--preset--spacing--70, 3.38rem) !important;padding-right:var(--stk--preset--spacing--70, 3.38rem) !important;padding-bottom:var(--stk--preset--spacing--70, 3.38rem) !important;padding-left:var(--stk--preset--spacing--70, 3.38rem) !important;margin-right:auto !important;margin-left:auto !important;}@media screen and (max-width:689px){.stk-f0bcd4b-container{padding-top:var(--stk--preset--spacing--50, 1.5rem) !important;padding-right:var(--stk--preset--spacing--50, 1.5rem) !important;padding-bottom:var(--stk--preset--spacing--50, 1.5rem) !important;padding-left:var(--stk--preset--spacing--50, 1.5rem) !important;}}<\/style><div class=\"stk-column-wrapper stk-block-column__content stk-container stk-f0bcd4b-container stk-hover-parent\"><div class=\"stk-block-content stk-inner-blocks stk-f0bcd4b-inner-blocks\">\n<div class=\"wp-block-stackable-heading stk-block-heading stk-block-heading--v2 stk-block stk-71e6d5a\" id=\"formulario\" data-block-id=\"71e6d5a\"><style>.stk-71e6d5a {margin-bottom:0px !important;}.stk-71e6d5a .stk-block-heading__text{color:var(--theme-palette-color-2, #0e3d6a) !important;}@media screen and (max-width:689px){.stk-71e6d5a .stk-block-heading__text{font-size:22px !important;}}<\/style><h2 class=\"stk-block-heading__text has-text-color\">FORMULAR<\/h2><\/div>\n\n\n<style id=\"wpforms-css-vars-1260-block-d59073d7-e16e-4282-ae35-998b69912e27\">\n\t\t\t\t#wpforms-1260.wpforms-block-d59073d7-e16e-4282-ae35-998b69912e27 {\n\t\t\t\t--wpforms-button-background-color: var(--theme-palette-color-1, #00AEEF);\n--wpforms-field-size-input-height: 43px;\n--wpforms-field-size-input-spacing: 15px;\n--wpforms-field-size-font-size: 16px;\n--wpforms-field-size-line-height: 19px;\n--wpforms-field-size-padding-h: 14px;\n--wpforms-field-size-checkbox-size: 16px;\n--wpforms-field-size-sublabel-spacing: 5px;\n--wpforms-field-size-icon-size: 1;\n--wpforms-label-size-font-size: 16px;\n--wpforms-label-size-line-height: 19px;\n--wpforms-label-size-sublabel-font-size: 14px;\n--wpforms-label-size-sublabel-line-height: 17px;\n--wpforms-button-size-font-size: 17px;\n--wpforms-button-size-height: 41px;\n--wpforms-button-size-padding-h: 15px;\n--wpforms-button-size-margin-top: 10px;\n--wpforms-container-shadow-size-box-shadow: none;\n\n\t\t\t}\n\t\t\t<\/style><div class=\"wpforms-container wpforms-container-full wpforms-block wpforms-block-d59073d7-e16e-4282-ae35-998b69912e27 wpforms-render-modern\" id=\"wpforms-1260\"><form id=\"wpforms-form-1260\" class=\"wpforms-validate wpforms-form wpforms-ajax-form\" data-formid=\"1260\" method=\"post\" enctype=\"multipart\/form-data\" action=\"\/de\/wp-json\/wp\/v2\/pages\/1933\" data-token=\"ca586093fd5d4817c0e28ad864c903ec\" data-token-time=\"1777445770\"><noscript class=\"wpforms-error-noscript\">Bitte aktiviere JavaScript in deinem Browser, um dieses Formular fertigzustellen.<\/noscript><div class=\"wpforms-hidden\" id=\"wpforms-error-noscript\">Bitte aktiviere JavaScript in deinem Browser, um dieses Formular fertigzustellen.<\/div><div class=\"wpforms-field-container\"><div id=\"wpforms-1260-field_8-container\" class=\"wpforms-field wpforms-field-layout\" data-field-id=\"8\"><div class=\"wpforms-field-layout-rows wpforms-field-large\"><div class=\"wpforms-layout-row\"><div class=\"wpforms-layout-column wpforms-layout-column-50\"><div id=\"wpforms-1260-field_1-container\" class=\"wpforms-field wpforms-field-name\" data-field-id=\"1\"><label class=\"wpforms-field-label\" for=\"wpforms-1260-field_1\">Name <span class=\"wpforms-required-label\" aria-hidden=\"true\">*<\/span><\/label><input type=\"text\" id=\"wpforms-1260-field_1\" class=\"wpforms-field-large wpforms-field-required\" name=\"wpforms[fields][1]\" placeholder=\"Name *\" aria-errormessage=\"wpforms-1260-field_1-error\" required><\/div><\/div><div class=\"wpforms-layout-column wpforms-layout-column-50\"><div id=\"wpforms-1260-field_4-container\" class=\"wpforms-field wpforms-field-phone\" data-field-id=\"4\"><label class=\"wpforms-field-label\" for=\"wpforms-1260-field_4\">Telefon <span class=\"wpforms-required-label\" aria-hidden=\"true\">*<\/span><\/label><input type=\"tel\" id=\"wpforms-1260-field_4\" class=\"wpforms-field-large wpforms-field-required wpforms-smart-phone-field\" data-rule-smart-phone-field=\"true\" name=\"wpforms[fields][4]\" placeholder=\"Telefon\" aria-label=\"Telefon\" aria-errormessage=\"wpforms-1260-field_4-error\" required><\/div><\/div><\/div><\/div><\/div><div id=\"wpforms-1260-field_6-container\" class=\"wpforms-field wpforms-field-email\" data-field-id=\"6\"><label class=\"wpforms-field-label\" for=\"wpforms-1260-field_6\">Email <span class=\"wpforms-required-label\" aria-hidden=\"true\">*<\/span><\/label><input type=\"email\" id=\"wpforms-1260-field_6\" class=\"wpforms-field-large wpforms-field-required\" name=\"wpforms[fields][6]\" placeholder=\"Email *\" spellcheck=\"false\" aria-errormessage=\"wpforms-1260-field_6-error\" required><\/div><div id=\"wpforms-1260-field_7-container\" class=\"wpforms-field wpforms-field-textarea\" data-field-id=\"7\"><label class=\"wpforms-field-label\" for=\"wpforms-1260-field_7\">Erz\u00e4hlen Sie uns ein wenig \u00fcber sich selbst. <span class=\"wpforms-required-label\" aria-hidden=\"true\">*<\/span><\/label><textarea id=\"wpforms-1260-field_7\" class=\"wpforms-field-medium wpforms-field-required\" name=\"wpforms[fields][7]\" placeholder=\"Erz\u00e4hlen Sie uns ein wenig \u00fcber sich selbst.\" aria-errormessage=\"wpforms-1260-field_7-error\" required><\/textarea><\/div><div id=\"wpforms-1260-field_5-container\" class=\"wpforms-field wpforms-field-gdpr-checkbox\" data-field-id=\"5\"><label class=\"wpforms-field-label wpforms-label-hide\" aria-hidden=\"false\">Acuerdo RGPD <span class=\"wpforms-required-label\" aria-hidden=\"true\">*<\/span><\/label><ul id=\"wpforms-1260-field_5\" class=\"wpforms-field-required\"><li class=\"choice-1\"><input type=\"checkbox\" id=\"wpforms-1260-field_5_1\" name=\"wpforms[fields][5][]\" value=\"Ich habe die &lt;a target=&quot;_blank&quot; href=&quot;https:\/\/danvalcleaningservices.com\/politica-de-privacidad\/&quot;&gt;Datenschutzrichtlinie&lt;\/a&gt; gelesen und stimme ihr zu.\" aria-errormessage=\"wpforms-1260-field_5_1-error\" required ><label class=\"wpforms-field-label-inline\" for=\"wpforms-1260-field_5_1\">Ich habe die <a target=\"_blank\" href=\"https:\/\/danvalcleaningservices.com\/politica-de-privacidad\/\">Datenschutzrichtlinie<\/a> gelesen und stimme ihr zu. <span class=\"wpforms-required-label\" aria-hidden=\"true\">*<\/span><\/label><\/li><\/ul><\/div><div id=\"wpforms-1260-field_9-container\" class=\"wpforms-field wpforms-field-html\" data-field-id=\"9\"><div id=\"wpforms-1260-field_9\" aria-errormessage=\"wpforms-1260-field_9-error\"><small>Danval Cleaning Services bittet Sie um Ihre Einwilligung zur Erbringung der angeforderten Dienstleistung und zur Bearbeitung Ihrer Anfrage. Rechtsgrundlage f\u00fcr diese Verarbeitung ist Ihre Einwilligung. Ihre Daten werden nicht an Dritte weitergegeben, es sei denn, dies ist gesetzlich vorgeschrieben. Ihre Daten werden auf Servern innerhalb der EU gespeichert oder von Datenverarbeitern mit strengen Datenschutzma\u00dfnahmen verwaltet. Sie k\u00f6nnen Ihre Rechte auf Auskunft, Berichtigung, L\u00f6schung und Widerspruch aus\u00fcben. Als Pflichtfelder gekennzeichnete Daten sind f\u00fcr die Bearbeitung Ihrer Anfrage und die Beantwortung erforderlich.<\/small><\/div><\/div><\/div><!-- .wpforms-field-container --><div class=\"wpforms-submit-container\" ><input type=\"hidden\" name=\"wpforms[id]\" value=\"1260\"><input type=\"hidden\" name=\"page_title\" value=\"\"><input type=\"hidden\" name=\"page_url\" value=\"https:\/\/danvalcleaningservices.com\/de\/wp-json\/wp\/v2\/pages\/1933\"><input type=\"hidden\" name=\"url_referer\" value=\"\"><button type=\"submit\" name=\"wpforms[submit]\" id=\"wpforms-submit-1260\" class=\"wpforms-submit\" data-alt-text=\"Enviando...\" data-submit-text=\"Schicken\" aria-live=\"assertive\" value=\"wpforms-submit\">Schicken<\/button><img loading=\"lazy\" decoding=\"async\" src=\"https:\/\/danvalcleaningservices.com\/wp-content\/plugins\/wpforms\/assets\/images\/submit-spin.svg\" class=\"wpforms-submit-spinner\" style=\"display: none;\" width=\"26\" height=\"26\" alt=\"Wird geladen\"><\/div><\/form><\/div>  <!-- .wpforms-container --><\/div><\/div><\/div>\n<\/div><\/div>\n","protected":false},"excerpt":{"rendered":"<p>Arbeiten Sie mit uns Werden Sie Teil eines wachsenden Unternehmens, in dem Ihr Engagement und Ihre Professionalit\u00e4t z\u00e4hlen.Wir von Danval Cleaning Services sind immer auf der Suche nach Talenten, um unser Team zu verst\u00e4rken. FORMULAR<\/p>\n","protected":false},"author":1,"featured_media":0,"parent":0,"menu_order":0,"comment_status":"closed","ping_status":"closed","template":"","meta":{"_gspb_post_css":"","_joinchat":[],"footnotes":""},"class_list":["post-1933","page","type-page","status-publish","hentry"],"blocksy_meta":{"has_hero_section":"disabled","styles_descriptor":{"styles":{"desktop":"","tablet":"","mobile":""},"google_fonts":[],"version":6},"vertical_spacing_source":"custom","content_area_spacing":"none"},"_links":{"self":[{"href":"https:\/\/danvalcleaningservices.com\/de\/wp-json\/wp\/v2\/pages\/1933","targetHints":{"allow":["GET"]}}],"collection":[{"href":"https:\/\/danvalcleaningservices.com\/de\/wp-json\/wp\/v2\/pages"}],"about":[{"href":"https:\/\/danvalcleaningservices.com\/de\/wp-json\/wp\/v2\/types\/page"}],"author":[{"embeddable":true,"href":"https:\/\/danvalcleaningservices.com\/de\/wp-json\/wp\/v2\/users\/1"}],"replies":[{"embeddable":true,"href":"https:\/\/danvalcleaningservices.com\/de\/wp-json\/wp\/v2\/comments?post=1933"}],"version-history":[{"count":7,"href":"https:\/\/danvalcleaningservices.com\/de\/wp-json\/wp\/v2\/pages\/1933\/revisions"}],"predecessor-version":[{"id":2683,"href":"https:\/\/danvalcleaningservices.com\/de\/wp-json\/wp\/v2\/pages\/1933\/revisions\/2683"}],"wp:attachment":[{"href":"https:\/\/danvalcleaningservices.com\/de\/wp-json\/wp\/v2\/media?parent=1933"}],"curies":[{"name":"wp","href":"https:\/\/api.w.org\/{rel}","templated":true}]}}